{"id":101,"date":"2025-07-26T04:42:41","date_gmt":"2025-07-26T04:42:41","guid":{"rendered":"https:\/\/globalbrokersmarkets.com\/?page_id=101"},"modified":"2025-07-26T04:45:36","modified_gmt":"2025-07-26T04:45:36","slug":"exness-minima-de-setoran","status":"publish","type":"page","link":"https:\/\/globalbrokersmarkets.com\/es\/setoran-minimal-exness\/","title":{"rendered":"Setoran Exness Exness Panduan Lengkap Untuk Trader Indonesia"},"content":{"rendered":"<div data-elementor-type=\"wp-page\" data-elementor-id=\"101\" class=\"elementor elementor-101\">\n\t\t\t\t<div class=\"elementor-element elementor-element-39a3c21 e-flex e-con-boxed e-con e-parent\" data-id=\"39a3c21\" data-element_type=\"container\" data-e-type=\"container\">\n\t\t\t\t\t<div class=\"e-con-inner\">\n\t\t\t\t<div class=\"elementor-element elementor-element-d432ad8 elementor-widget elementor-widget-heading\" data-id=\"d432ad8\" data-element_type=\"widget\" data-e-type=\"widget\" data-widget_type=\"heading.default\">\n\t\t\t\t\t<h1 class=\"elementor-heading-title elementor-size-default\">Setoran Exness Exness Panduan Lengkap Untuk Trader Indonesia<\/h1>\t\t\t\t<\/div>\n\t\t\t\t\t<\/div>\n\t\t\t\t<\/div>\n\t\t<div class=\"elementor-element elementor-element-7c424ed e-flex e-con-boxed e-con e-parent\" data-id=\"7c424ed\" data-element_type=\"container\" data-e-type=\"container\">\n\t\t\t\t\t<div class=\"e-con-inner\">\n\t\t\t\t<div class=\"elementor-element elementor-element-7d65d99 elementor-widget elementor-widget-text-editor\" data-id=\"7d65d99\" data-element_type=\"widget\" data-e-type=\"widget\" data-widget_type=\"text-editor.default\">\n\t\t\t\t\t\t\t\t\t<h2 data-start=\"455\" data-end=\"507\">Mengapa Memilih Exness Untuk Trading Modal Kecil?<\/h2><p data-start=\"509\" data-end=\"789\">Exness Adalah Salah Satu Broker Forex Global Yang <strong data-start=\"559\" data-end=\"587\">Paling Ramah Bagi Pemula<\/strong>, Terutama Karena Menyediakan <strong data-start=\"617\" data-end=\"650\">Setoran M\u00ednimo Sangat Rendah<\/strong>, Bahkan Mulai Dari <strong data-start=\"670\" data-end=\"680\">$1 USD<\/strong>. Bagi Trader Indonesia, Ini Adalah Peluang Besar Untuk Belajar Trading Tanpa Harus Mengeluarkan Modal Besar.<\/p><ul data-start=\"827\" data-end=\"985\"><li data-start=\"827\" data-end=\"869\"><p data-start=\"829\" data-end=\"869\"><em data-start=\"829\" data-end=\"869\">Setoran Exness Exness Untuk Akun Cent<\/em><\/p><\/li><li data-start=\"872\" data-end=\"903\"><p data-start=\"874\" data-end=\"903\"><em data-start=\"874\" data-end=\"903\">Excess de dep\u00f3sito m\u00ednimo 2025<\/em><\/p><\/li><li data-start=\"906\" data-end=\"945\"><p data-start=\"908\" data-end=\"945\"><em data-start=\"908\" data-end=\"945\">Berapa Modal Awal Trading Di Exness<\/em><\/p><\/li><li data-start=\"948\" data-end=\"985\"><p data-start=\"950\" data-end=\"985\"><em data-start=\"950\" data-end=\"985\">Dep\u00f3sito Exness Banco M\u00ednimo Lokal<\/em><\/p><\/li><\/ul><hr data-start=\"987\" data-end=\"990\" \/><h2 data-start=\"992\" data-end=\"1046\">Tabel Setoran Exness M\u00ednimo Berdasarkan Jenis Akun<\/h2><div class=\"_tableContainer_80l1q_1\"><div class=\"_tableWrapper_80l1q_14 group flex w-fit flex-col-reverse\" tabindex=\"-1\"><table class=\"w-fit min-w-(--thread-content-width)\" data-start=\"1048\" data-end=\"1534\"><thead data-start=\"1048\" data-end=\"1127\"><tr data-start=\"1048\" data-end=\"1127\"><th data-start=\"1048\" data-end=\"1073\" data-col-size=\"sm\"><strong data-start=\"1050\" data-end=\"1071\">Jenis Akun Exness<\/strong><\/th><th data-start=\"1073\" data-end=\"1095\" data-col-size=\"sm\"><strong data-start=\"1075\" data-end=\"1094\">M\u00ednimo de Setor\u00e1n<\/strong><\/th><th data-start=\"1095\" data-end=\"1127\" data-col-size=\"sm\"><strong data-start=\"1097\" data-end=\"1112\">gallina degusta<\/strong><\/th><\/tr><\/thead><tbody data-start=\"1210\" data-end=\"1534\"><tr data-start=\"1210\" data-end=\"1290\"><td data-start=\"1210\" data-end=\"1235\" data-col-size=\"sm\">centavo<\/td><td data-col-size=\"sm\" data-start=\"1235\" data-end=\"1258\">Mulai Dari <strong data-start=\"1248\" data-end=\"1254\">$1<\/strong><\/td><td data-col-size=\"sm\" data-start=\"1258\" data-end=\"1290\">Pemula, Belajar Trading Real<\/td><\/tr><tr data-start=\"1291\" data-end=\"1372\"><td data-start=\"1291\" data-end=\"1316\" data-col-size=\"sm\">Est\u00e1ndar Akun<\/td><td data-col-size=\"sm\" data-start=\"1316\" data-end=\"1339\">Mulai Dari <strong data-start=\"1329\" data-end=\"1335\">$1<\/strong><\/td><td data-col-size=\"sm\" data-start=\"1339\" data-end=\"1372\">Comerciante<\/td><\/tr><tr data-start=\"1373\" data-end=\"1453\"><td data-start=\"1373\" data-end=\"1398\" data-col-size=\"sm\">Akun Pro<\/td><td data-col-size=\"sm\" data-start=\"1398\" data-end=\"1421\">Mulai Dari <strong data-start=\"1411\" data-end=\"1419\">$200<\/strong><\/td><td data-col-size=\"sm\" data-start=\"1421\" data-end=\"1453\">Comerciante Berpengalaman<\/td><\/tr><tr data-start=\"1454\" data-end=\"1534\"><td data-start=\"1454\" data-end=\"1479\" data-col-size=\"sm\">Akun Crudo spread<\/td><td data-col-size=\"sm\" data-start=\"1479\" data-end=\"1502\">Mulai Dari <strong data-start=\"1492\" data-end=\"1500\">$200<\/strong><\/td><td data-col-size=\"sm\" data-start=\"1502\" data-end=\"1534\">Profesional de Scalper y Trader<\/td><\/tr><\/tbody><\/table><div class=\"sticky end-(--thread-content-margin) h-0 self-end select-none\"><div class=\"absolute end-0 flex items-end\">\u00a0<\/div><\/div><\/div><\/div><blockquote data-start=\"1536\" data-end=\"1641\"><p data-start=\"1538\" data-end=\"1641\">\ud83d\udccc <strong data-start=\"1541\" data-end=\"1552\">catatano<\/strong>: Setoran M\u00ednimo Bisa Berbeda Tergantung Metodo Dep\u00f3sito Yang Digunakan Dan Wilayah Anda.<\/p><\/blockquote><hr data-start=\"1643\" data-end=\"1646\" \/><h2 data-start=\"1648\" data-end=\"1696\">Dep\u00f3sito de Metodo Yang Mendukung Setoran M\u00ednimo<\/h2><h3 data-start=\"1698\" data-end=\"1738\">1. <strong data-start=\"1705\" data-end=\"1738\">Transferencia Banco Lokal Indonesia<\/strong><\/h3><ul data-start=\"1739\" data-end=\"1838\"><li data-start=\"1739\" data-end=\"1773\"><p data-start=\"1741\" data-end=\"1773\">M\u00ednimo: <strong data-start=\"1750\" data-end=\"1773\">$10 Atau Setara IDR<\/strong><\/p><\/li><li data-start=\"1774\" data-end=\"1798\"><p data-start=\"1776\" data-end=\"1798\">Proses: Instan - 1 mermelada<\/p><\/li><li data-start=\"1799\" data-end=\"1838\"><p data-start=\"1801\" data-end=\"1838\">Banco Mendukung BCA, BRI, Mandiri, BNI<\/p><\/li><\/ul><h3 data-start=\"1840\" data-end=\"1889\">2. <strong data-start=\"1847\" data-end=\"1889\">E-Wallet (Dana, Ovo, Skrill, Neteller)<\/strong><\/h3><ul data-start=\"1890\" data-end=\"1983\"><li data-start=\"1890\" data-end=\"1918\"><p data-start=\"1892\" data-end=\"1918\">M\u00ednimo: Mulai Dari <strong data-start=\"1912\" data-end=\"1918\">$1<\/strong><\/p><\/li><li data-start=\"1919\" data-end=\"1935\"><p data-start=\"1921\" data-end=\"1935\">Pros: Instant\u00e1nea<\/p><\/li><li data-start=\"1936\" data-end=\"1983\"><p data-start=\"1938\" data-end=\"1983\">Cocok Untuk Trading Cepat Tanpa Rekening Bank<\/p><\/li><\/ul><h3 data-start=\"1985\" data-end=\"2027\">3. <strong data-start=\"1992\" data-end=\"2027\">Criptomonedas (USDT, BTC, ETH)<\/strong><\/h3><ul data-start=\"2028\" data-end=\"2098\"><li data-start=\"2028\" data-end=\"2060\"><p data-start=\"2030\" data-end=\"2060\">M\u00ednimo: Tergantung Nilai Koin<\/p><\/li><li data-start=\"2061\" data-end=\"2098\"><p data-start=\"2063\" data-end=\"2098\">Proses: 1-2 mermelada Tergantung Jaringan<\/p><\/li><\/ul><blockquote data-start=\"2100\" data-end=\"2218\"><p data-start=\"2102\" data-end=\"2218\">\u00a0<em data-start=\"2122\" data-end=\"2151\">Exness Dep\u00f3sito M\u00ednimo Dana<\/em>, <em data-start=\"2153\" data-end=\"2177\">Dep\u00f3sito de Exness v\u00eda OVO<\/em>, <em data-start=\"2179\" data-end=\"2218\">Exness de dep\u00f3sito m\u00ednimo a trav\u00e9s de banco Lokal<\/em><\/p><\/blockquote><hr data-start=\"2220\" data-end=\"2223\" \/><h2 data-start=\"2225\" data-end=\"2277\">Keuntungan Trading Dengan Setoran Kecil Di Exness<\/h2><ul data-start=\"2279\" data-end=\"2558\"><li data-start=\"2279\" data-end=\"2348\"><p data-start=\"2281\" data-end=\"2348\"><strong data-start=\"2281\" data-end=\"2304\">Risiko Lebih Rendah<\/strong> \u2013 Modal Kecil = Belajar Tanpa Stres Besar<\/p><\/li><li data-start=\"2349\" data-end=\"2419\"><p data-start=\"2351\" data-end=\"2419\"><strong data-start=\"2351\" data-end=\"2373\">Pesca de cocok Untuk<\/strong> - Bisa Langsung Praktek Dengan Kondisi Real<\/p><\/li><li data-start=\"2420\" data-end=\"2491\"><p data-start=\"2422\" data-end=\"2491\"><strong data-start=\"2422\" data-end=\"2450\">Belajar Manjemen Risiko<\/strong> - Latihan Penting Untuk Jangka Panjang<\/p><\/li><li data-start=\"2492\" data-end=\"2558\"><p data-start=\"2494\" data-end=\"2558\"><strong data-start=\"2494\" data-end=\"2507\">pelela<\/strong> - Bisa Tambah Dana Kapan Saja Jika Siap<\/p><\/li><\/ul><hr data-start=\"2560\" data-end=\"2563\" \/><h2 data-start=\"2565\" data-end=\"2608\">Cara Melakukan Setoran Pertama di Exness<\/h2><ol data-start=\"2610\" data-end=\"2856\"><li data-start=\"2610\" data-end=\"2648\"><p data-start=\"2613\" data-end=\"2648\"><strong data-start=\"2613\" data-end=\"2646\">Iniciar sesi\u00f3n KE \u00c1rea personal Exness<\/strong><\/p><\/li><li data-start=\"2649\" data-end=\"2675\"><p data-start=\"2652\" data-end=\"2675\">Men\u00fa <strong data-start=\"2662\" data-end=\"2673\">sedimento<\/strong><\/p><\/li><li data-start=\"2676\" data-end=\"2720\"><p data-start=\"2679\" data-end=\"2720\">Pilih Metode Pembayaran Yang Diinginkan<\/p><\/li><li data-start=\"2721\" data-end=\"2767\"><p data-start=\"2724\" data-end=\"2767\">Masukkan Jumlah m\u00ednimo Sesuai Jenis Akun<\/p><\/li><li data-start=\"2768\" data-end=\"2816\"><p data-start=\"2771\" data-end=\"2816\">Konfirmasi Dan Selesaikan Proses Pembayaran<\/p><\/li><li data-start=\"2817\" data-end=\"2856\"><p data-start=\"2820\" data-end=\"2856\">Dana Akan Masuk Dalam Beberapa Menit<\/p><\/li><\/ol><hr data-start=\"2858\" data-end=\"2861\" \/><h2 data-start=\"2863\" data-end=\"2900\">Preguntas frecuentes Tentang Setoran Exess m\u00ednimo<\/h2><h3 data-start=\"2902\" data-end=\"2951\">\u2753 \u00bfBerapa Setoran Exness M\u00ednima Untuk Pemula?<\/h3><p data-start=\"2952\" data-end=\"3014\">Setoran M\u00ednimo Hanya <strong data-start=\"2974\" data-end=\"2984\">$1 USD<\/strong> Untuk Akun Cent Dan Est\u00e1ndar.<\/p><h3 data-start=\"3016\" data-end=\"3075\">\u2753 Apakah Bisa Dep\u00f3sito Exness Pakai Rekening Bank Lokal?<\/h3><p data-start=\"3076\" data-end=\"3147\">Bisa Banco de transferencias de Mendukung Lokal Indonesia (BCA, BRI, Mandiri, DLL).<\/p><h3 data-start=\"3149\" data-end=\"3195\">\u2753 Apakah ada biaya saat dep\u00f3sito di exess?<\/h3><p data-start=\"3196\" data-end=\"3268\"><strong data-start=\"3196\" data-end=\"3224\">Dep\u00f3sito de Tidak Ada Biaya.<\/strong> Semua Metodo Bebas Biaya Dari Pihak Exness.<\/p><h3 data-start=\"3270\" data-end=\"3314\">\u2753 \u00bfBerapa Modal Aman Untuk Mulai Trading?<\/h3><p data-start=\"3315\" data-end=\"3400\">Untuk Latihan: Mulai Dari <strong data-start=\"3341\" data-end=\"3352\">$10\u2013$50<\/strong>. Untuk Trading Lebih Serius: M\u00ednimo <strong data-start=\"3390\" data-end=\"3399\">$100+<\/strong>.<\/p>\t\t\t\t\t\t\t\t<\/div>\n\t\t\t\t\t<\/div>\n\t\t\t\t<\/div>\n\t\t\t\t<\/div>","protected":false},"excerpt":{"rendered":"<p>Setoran Minimal Exness Panduan Lengkap untuk Trader Indonesia Mengapa Memilih Exness untuk Trading Modal Kecil? Exness adalah salah satu broker [&hellip;]<\/p>\n","protected":false},"author":1,"featured_media":90,"parent":0,"menu_order":0,"comment_status":"closed","ping_status":"closed","template":"","meta":{"site-sidebar-layout":"no-sidebar","site-content-layout":"","ast-site-content-layout":"full-width-container","site-content-style":"default","site-sidebar-style":"default","ast-global-header-display":"","ast-banner-title-visibility":"","ast-main-header-display":"","ast-hfb-above-header-display":"","ast-hfb-below-header-display":"","ast-hfb-mobile-header-display":"","site-post-title":"disabled","ast-breadcrumbs-content":"","ast-featured-img":"disabled","footer-sml-layout":"","ast-disable-related-posts":"","theme-transparent-header-meta":"default","adv-header-id-meta":"","stick-header-meta":"","header-above-stick-meta":"","header-main-stick-meta":"","header-below-stick-meta":"","astra-migrate-meta-layouts":"set","ast-page-background-enabled":"default","ast-page-background-meta":{"desktop":{"background-color":"var(--ast-global-color-5)","background-image":"","background-repeat":"repeat","background-position":"center center","background-size":"auto","background-attachment":"scroll","background-type":"","background-media":"","overlay-type":"","overlay-color":"","overlay-opacity":"","overlay-gradient":""},"tablet":{"background-color":"","background-image":"","background-repeat":"repeat","background-position":"center center","background-size":"auto","background-attachment":"scroll","background-type":"","background-media":"","overlay-type":"","overlay-color":"","overlay-opacity":"","overlay-gradient":""},"mobile":{"background-color":"","background-image":"","background-repeat":"repeat","background-position":"center center","background-size":"auto","background-attachment":"scroll","background-type":"","background-media":"","overlay-type":"","overlay-color":"","overlay-opacity":"","overlay-gradient":""}},"ast-content-background-meta":{"desktop":{"background-color":"var(--ast-global-color-4)","background-image":"","background-repeat":"repeat","background-position":"center center","background-size":"auto","background-attachment":"scroll","background-type":"","background-media":"","overlay-type":"","overlay-color":"","overlay-opacity":"","overlay-gradient":""},"tablet":{"background-color":"var(--ast-global-color-4)","background-image":"","background-repeat":"repeat","background-position":"center center","background-size":"auto","background-attachment":"scroll","background-type":"","background-media":"","overlay-type":"","overlay-color":"","overlay-opacity":"","overlay-gradient":""},"mobile":{"background-color":"var(--ast-global-color-4)","background-image":"","background-repeat":"repeat","background-position":"center center","background-size":"auto","background-attachment":"scroll","background-type":"","background-media":"","overlay-type":"","overlay-color":"","overlay-opacity":"","overlay-gradient":""}},"footnotes":""},"class_list":["post-101","page","type-page","status-publish","has-post-thumbnail","hentry"],"_links":{"self":[{"href":"https:\/\/globalbrokersmarkets.com\/es\/wp-json\/wp\/v2\/pages\/101","targetHints":{"allow":["GET"]}}],"collection":[{"href":"https:\/\/globalbrokersmarkets.com\/es\/wp-json\/wp\/v2\/pages"}],"about":[{"href":"https:\/\/globalbrokersmarkets.com\/es\/wp-json\/wp\/v2\/types\/page"}],"author":[{"embeddable":true,"href":"https:\/\/globalbrokersmarkets.com\/es\/wp-json\/wp\/v2\/users\/1"}],"replies":[{"embeddable":true,"href":"https:\/\/globalbrokersmarkets.com\/es\/wp-json\/wp\/v2\/comments?post=101"}],"version-history":[{"count":5,"href":"https:\/\/globalbrokersmarkets.com\/es\/wp-json\/wp\/v2\/pages\/101\/revisions"}],"predecessor-version":[{"id":106,"href":"https:\/\/globalbrokersmarkets.com\/es\/wp-json\/wp\/v2\/pages\/101\/revisions\/106"}],"wp:featuredmedia":[{"embeddable":true,"href":"https:\/\/globalbrokersmarkets.com\/es\/wp-json\/wp\/v2\/media\/90"}],"wp:attachment":[{"href":"https:\/\/globalbrokersmarkets.com\/es\/wp-json\/wp\/v2\/media?parent=101"}],"curies":[{"name":"wp","href":"https:\/\/api.w.org\/{rel}","templated":true}]}}